{"id":22,"date":"2024-05-22T14:58:04","date_gmt":"2024-05-22T12:58:04","guid":{"rendered":"https:\/\/spinbotics.com\/?page_id=22"},"modified":"2024-11-26T11:13:19","modified_gmt":"2024-11-26T10:13:19","slug":"footer","status":"publish","type":"page","link":"https:\/\/www.spinbotics.com\/cs\/footer\/","title":{"rendered":"Footer"},"content":{"rendered":"<div id='av_section_1'  class='avia-section av-z3d6-ff9b1b074d770efb0acd350b11ecd193 main_color avia-section-small avia-no-border-styling  avia-builder-el-0  el_before_av_section  avia-builder-el-first  footer-logos avia-bg-style-scroll container_wrap fullsize'  ><div class='container av-section-cont-open' ><main  role=\"main\" itemprop=\"mainContentOfPage\"  class='template-page content  av-content-full alpha units'><div class='post-entry post-entry-type-page post-entry-22'><div class='entry-content-wrapper clearfix'>\n<div class='flex_column_table av-lwi544le-92045bf14a39d5c318a38f06a8efdab8 sc-av_one_fourth av-equal-height-column-flextable'>\n<style type=\"text\/css\" data-created_by=\"avia_inline_auto\" id=\"style-css-av-lwi544le-92045bf14a39d5c318a38f06a8efdab8\">\n.flex_column.av-lwi544le-92045bf14a39d5c318a38f06a8efdab8{\nwidth:24.25%;\nmargin-left:0;\n}\n#top .flex_column_table.av-equal-height-column-flextable.av-lwi544le-92045bf14a39d5c318a38f06a8efdab8 .av-flex-placeholder{\nwidth:1%;\n}\n<\/style>\n<div  class='flex_column av-lwi544le-92045bf14a39d5c318a38f06a8efdab8 av_one_fourth  avia-builder-el-1  el_before_av_one_fourth  avia-builder-el-first  first flex_column_table_cell av-equal-height-column av-align-middle  '     ><section  class='av_textblock_section av-lwi4vwc6-6908e12eeb254967ade54d7f3864b051 '   itemscope=\"itemscope\" itemtype=\"https:\/\/schema.org\/CreativeWork\" ><div class='avia_textblock img-to-left'  itemprop=\"text\" ><p><img loading=\"lazy\" decoding=\"async\" class=\"alignnone wp-image-196\" src=\"https:\/\/spinbotics.com\/wp-content\/uploads\/2024\/05\/spinbotics-circle.svg\" alt=\"\" width=\"99\" height=\"100\" \/><strong>Spinbotics s.r.o.<\/strong><br \/>\nHavansk\u00e1 2563\/5, 040 13 Ko\u0161ice, Slovensk\u00e1 republika<br \/>\nDI\u010c: SK2121226866<\/p>\n<\/div><\/section><\/div><div class='av-flex-placeholder'><\/div>\n<style type=\"text\/css\" data-created_by=\"avia_inline_auto\" id=\"style-css-av-8u81a-613941a20b58e297f9eb3e8b64a83db9\">\n.flex_column.av-8u81a-613941a20b58e297f9eb3e8b64a83db9{\nwidth:24.25%;\nmargin-left:0;\n}\n#top .flex_column_table.av-equal-height-column-flextable.av-8u81a-613941a20b58e297f9eb3e8b64a83db9 .av-flex-placeholder{\nwidth:1%;\n}\n<\/style>\n<div  class='flex_column av-8u81a-613941a20b58e297f9eb3e8b64a83db9 av_one_fourth  avia-builder-el-3  el_after_av_one_fourth  el_before_av_one_fourth  flex_column_table_cell av-equal-height-column av-align-middle  '     ><style type=\"text\/css\" data-created_by=\"avia_inline_auto\" id=\"style-css-av-lwi4w37m-6dd9b6b3645e117527bff43576e4dadb\">\n.avia-image-container.av-lwi4w37m-6dd9b6b3645e117527bff43576e4dadb img.avia_image{\nbox-shadow:none;\n}\n.avia-image-container.av-lwi4w37m-6dd9b6b3645e117527bff43576e4dadb .av-image-caption-overlay-center{\ncolor:#ffffff;\n}\n<\/style>\n<div  class='avia-image-container av-lwi4w37m-6dd9b6b3645e117527bff43576e4dadb av-styling-no-styling avia-align-center  avia-builder-el-4  avia-builder-el-no-sibling '   itemprop=\"image\" itemscope=\"itemscope\" itemtype=\"https:\/\/schema.org\/ImageObject\" ><div class=\"avia-image-container-inner\"><div class=\"avia-image-overlay-wrap\"><img decoding=\"async\" fetchpriority=\"high\" class='wp-image-193 avia-img-lazy-loading-not-193 avia_image ' src=\"https:\/\/www.spinbotics.com\/wp-content\/uploads\/2024\/05\/eu-logo-300x55.png\" alt='' title='eu-logo'  height=\"55\" width=\"300\"  itemprop=\"thumbnailUrl\" srcset=\"https:\/\/www.spinbotics.com\/wp-content\/uploads\/2024\/05\/eu-logo-300x55.png 300w, https:\/\/www.spinbotics.com\/wp-content\/uploads\/2024\/05\/eu-logo.png 500w, https:\/\/www.spinbotics.com\/wp-content\/uploads\/2024\/05\/eu-logo-495x92.png 495w\" sizes=\"(max-width: 300px) 100vw, 300px\" \/><\/div><\/div><\/div><\/div><div class='av-flex-placeholder'><\/div>\n<style type=\"text\/css\" data-created_by=\"avia_inline_auto\" id=\"style-css-av-89odi-2789d296de9888c45a7b985957a80f09\">\n.flex_column.av-89odi-2789d296de9888c45a7b985957a80f09{\nwidth:24.25%;\nmargin-left:0;\n}\n#top .flex_column_table.av-equal-height-column-flextable.av-89odi-2789d296de9888c45a7b985957a80f09 .av-flex-placeholder{\nwidth:1%;\n}\n<\/style>\n<div  class='flex_column av-89odi-2789d296de9888c45a7b985957a80f09 av_one_fourth  avia-builder-el-5  el_after_av_one_fourth  el_before_av_one_fourth  tablet-margin flex_column_table_cell av-equal-height-column av-align-middle  '     ><style type=\"text\/css\" data-created_by=\"avia_inline_auto\" id=\"style-css-av-lwi4w7ge-cdb03f52d93020bd6269fd8347d4902a\">\n.avia-image-container.av-lwi4w7ge-cdb03f52d93020bd6269fd8347d4902a img.avia_image{\nbox-shadow:none;\n}\n.avia-image-container.av-lwi4w7ge-cdb03f52d93020bd6269fd8347d4902a .av-image-caption-overlay-center{\ncolor:#ffffff;\n}\n<\/style>\n<div  class='avia-image-container av-lwi4w7ge-cdb03f52d93020bd6269fd8347d4902a av-styling-no-styling avia-align-center  avia-builder-el-6  avia-builder-el-no-sibling '   itemprop=\"image\" itemscope=\"itemscope\" itemtype=\"https:\/\/schema.org\/ImageObject\" ><div class=\"avia-image-container-inner\"><div class=\"avia-image-overlay-wrap\"><img decoding=\"async\" fetchpriority=\"high\" class='wp-image-190 avia-img-lazy-loading-not-190 avia_image ' src=\"https:\/\/www.spinbotics.com\/wp-content\/uploads\/2024\/05\/min-1-300x73.jpg\" alt='' title='min-1'  height=\"73\" width=\"300\"  itemprop=\"thumbnailUrl\" srcset=\"https:\/\/www.spinbotics.com\/wp-content\/uploads\/2024\/05\/min-1-300x73.jpg 300w, https:\/\/www.spinbotics.com\/wp-content\/uploads\/2024\/05\/min-1.jpg 501w, https:\/\/www.spinbotics.com\/wp-content\/uploads\/2024\/05\/min-1-495x122.jpg 495w\" sizes=\"(max-width: 300px) 100vw, 300px\" \/><\/div><\/div><\/div><\/div><div class='av-flex-placeholder'><\/div>\n<style type=\"text\/css\" data-created_by=\"avia_inline_auto\" id=\"style-css-av-7oa06-8fde6d7953d815a21db39ded895db3cd\">\n.flex_column.av-7oa06-8fde6d7953d815a21db39ded895db3cd{\nwidth:24.25%;\nmargin-left:0;\n}\n#top .flex_column_table.av-equal-height-column-flextable.av-7oa06-8fde6d7953d815a21db39ded895db3cd .av-flex-placeholder{\nwidth:1%;\n}\n<\/style>\n<div  class='flex_column av-7oa06-8fde6d7953d815a21db39ded895db3cd av_one_fourth  avia-builder-el-7  el_after_av_one_fourth  avia-builder-el-last  tablet-margin flex_column_table_cell av-equal-height-column av-align-middle  '     ><style type=\"text\/css\" data-created_by=\"avia_inline_auto\" id=\"style-css-av-lwi4wbls-cf7272cc3db5f8342d497d011de9a76c\">\n.avia-image-container.av-lwi4wbls-cf7272cc3db5f8342d497d011de9a76c img.avia_image{\nbox-shadow:none;\n}\n.avia-image-container.av-lwi4wbls-cf7272cc3db5f8342d497d011de9a76c .av-image-caption-overlay-center{\ncolor:#ffffff;\n}\n<\/style>\n<div  class='avia-image-container av-lwi4wbls-cf7272cc3db5f8342d497d011de9a76c av-styling-no-styling avia-align-center  avia-builder-el-8  avia-builder-el-no-sibling '   itemprop=\"image\" itemscope=\"itemscope\" itemtype=\"https:\/\/schema.org\/ImageObject\" ><div class=\"avia-image-container-inner\"><div class=\"avia-image-overlay-wrap\"><img decoding=\"async\" fetchpriority=\"high\" class='wp-image-187 avia-img-lazy-loading-not-187 avia_image ' src=\"https:\/\/www.spinbotics.com\/wp-content\/uploads\/2024\/05\/min-2-300x73.jpg\" alt='' title='min-2'  height=\"73\" width=\"300\"  itemprop=\"thumbnailUrl\" srcset=\"https:\/\/www.spinbotics.com\/wp-content\/uploads\/2024\/05\/min-2-300x73.jpg 300w, https:\/\/www.spinbotics.com\/wp-content\/uploads\/2024\/05\/min-2.jpg 501w, https:\/\/www.spinbotics.com\/wp-content\/uploads\/2024\/05\/min-2-495x122.jpg 495w\" sizes=\"(max-width: 300px) 100vw, 300px\" \/><\/div><\/div><\/div><\/div><\/div><!--close column table wrapper. Autoclose: 1 -->\n\n<\/div><\/div><\/main><!-- close content main element --><\/div><\/div>\n<style type=\"text\/css\" data-created_by=\"avia_inline_auto\" id=\"style-css-av-lwi4ff2m-42235991307549aa68d3a3605d0c30e8\">\n.avia-section.av-lwi4ff2m-42235991307549aa68d3a3605d0c30e8{\nbackground-color:#f2f5f6;\nbackground-image:unset;\n}\n<\/style>\n<div id='av_section_2'  class='avia-section av-lwi4ff2m-42235991307549aa68d3a3605d0c30e8 main_color avia-section-default avia-no-border-styling  avia-builder-el-9  el_after_av_section  avia-builder-el-last  footer-links avia-bg-style-scroll container_wrap fullsize'  ><div class='container av-section-cont-open' ><div class='template-page content  av-content-full alpha units'><div class='post-entry post-entry-type-page post-entry-22'><div class='entry-content-wrapper clearfix'>\n<div  class='flex_column av-6xy5y-2d84813e5601091ef88e786044b16141 av_one_third  avia-builder-el-10  el_before_av_one_third  avia-builder-el-first  first flex_column_div  '     ><p><section  class='av_textblock_section av-lxw6ycxd-5348741a278b53aa642fb74e55830704 '   itemscope=\"itemscope\" itemtype=\"https:\/\/schema.org\/CreativeWork\" ><div class='avia_textblock footer-links-main'  itemprop=\"text\" ><p><strong>Linky<\/strong><\/p>\n<\/div><\/section><br \/>\n<section  class='av_textblock_section av-lwi4xpd5-e77d4f5e4f7f25f8ff68ad7d1b1f62b7 '   itemscope=\"itemscope\" itemtype=\"https:\/\/schema.org\/CreativeWork\" ><div class='avia_textblock'  itemprop=\"text\" ><p><a href=\"https:\/\/www.spinbotics.com\/cs\/o-nas\/\">O n\u00e1s<\/a><\/p>\n<p><a href=\"https:\/\/www.spinbotics.com\/cs\/o-spinbotovi\/\">O Spinbotovi<\/a><\/p>\n<p><a href=\"https:\/\/www.spinbotics.com\/cs\/formy-odmenovani\/\">Formy odm\u011b\u0148ov\u00e1n\u00ed<\/a><\/p>\n<p><a href=\"https:\/\/www.spinbotics.com\/cs\/kontakt\">Kontakt<\/a><\/p>\n<p><a href=\"https:\/\/spinbotics.com\/wp-content\/uploads\/2024\/07\/Informacie-o-spracovani-osobnych-udajov.pdf\" target=\"_blank\" rel=\"noopener\"><span class=\"HwtZe\" lang=\"cs\"><span class=\"jCAhz JxVs2d\"><span class=\"ryNqvb\">Informace o zpracov\u00e1n\u00ed osobn\u00edch \u00fadaj\u016f<\/span><\/span><\/span><\/a><\/p>\n<div class=\"OvtS8d\"><\/div>\n<\/div><\/section><\/p><\/div><div  class='flex_column av-6dj22-254c3f7021daadc3730900efc1031bc4 av_one_third  avia-builder-el-13  el_after_av_one_third  el_before_av_one_third  flex_column_div  '     ><p><section  class='av_textblock_section av-5mxne-b602af06f19ed9e01d33c7c31464541a '   itemscope=\"itemscope\" itemtype=\"https:\/\/schema.org\/CreativeWork\" ><div class='avia_textblock footer-links-main'  itemprop=\"text\" ><p><strong>Firemn\u00ed \u00fadaje<br \/>\n<\/strong><\/p>\n<\/div><\/section><br \/>\n<section  class='av_textblock_section av-4wcs6-ca92f5fae46b34968938039bcb9e19a2 '   itemscope=\"itemscope\" itemtype=\"https:\/\/schema.org\/CreativeWork\" ><div class='avia_textblock'  itemprop=\"text\" ><p>Spinbotics s. r. o.<\/p>\n<p>Havansk\u00e1 2563\/5 040 13 Ko\u0161ice<\/p>\n<p>I\u010cO: 53025580<\/p>\n<p>DI\u010c: 2121226866<\/p>\n<p>I\u010c DPH: SK2121226866<\/p>\n<\/div><\/section><\/p><\/div><div  class='flex_column av-2yb3m-5eb7a4c6b64ac7008438966eb8e047a6 av_one_third  avia-builder-el-16  el_after_av_one_third  el_before_av_one_full  flex_column_div  '     ><p><section  class='av_textblock_section av-2492u-37ca3a2f60b9cc5f1cc66f00ecce5d29 '   itemscope=\"itemscope\" itemtype=\"https:\/\/schema.org\/CreativeWork\" ><div class='avia_textblock footer-links-main'  itemprop=\"text\" ><p><strong>Soci\u00e1ln\u00ed s\u00edt\u011b<br \/>\n<\/strong><\/p>\n<\/div><\/section><br \/>\n<\/p><\/div><div  class='flex_column av-x2de-27a84af8eb03635a2c03aab5be49b8dd av_one_full  avia-builder-el-19  el_after_av_one_third  avia-builder-el-last  footer-socket first flex_column_div  column-top-margin'     ><section  class='av_textblock_section av-lwi5bxym-24208766b561079960fae0defa957342 '   itemscope=\"itemscope\" itemtype=\"https:\/\/schema.org\/CreativeWork\" ><div class='avia_textblock socket-text'  itemprop=\"text\" ><p style=\"text-align: center;\"><span class=\"copyright\">Copyright \u00a9 2024 <a href=\"https:\/\/spinbotics.com\/cs\/\" target=\"_blank\" rel=\"noopener\">spinbotics.com<\/a> | made by <a href=\"http:\/\/abcdesign.sk\">abcdesign.sk<\/a><\/span><\/p>\n<\/div><\/section><\/div>\n","protected":false},"excerpt":{"rendered":"","protected":false},"author":1,"featured_media":0,"parent":0,"menu_order":0,"comment_status":"closed","ping_status":"closed","template":"","meta":{"footnotes":""},"yoast_head":"<!-- This site is optimized with the Yoast SEO plugin v22.7 - https:\/\/yoast.com\/wordpress\/plugins\/seo\/ -->\n<title>Footer - Spinbotics<\/title>\n<meta name=\"robots\" content=\"index, follow, max-snippet:-1, max-image-preview:large, max-video-preview:-1\" \/>\n<link rel=\"canonical\" href=\"https:\/\/www.spinbotics.com\/cs\/footer\/\" \/>\n<meta property=\"og:locale\" content=\"cs_CZ\" \/>\n<meta property=\"og:type\" content=\"article\" \/>\n<meta property=\"og:title\" content=\"Footer - Spinbotics\" \/>\n<meta property=\"og:url\" content=\"https:\/\/www.spinbotics.com\/cs\/footer\/\" \/>\n<meta property=\"og:site_name\" content=\"Spinbotics\" \/>\n<meta property=\"article:modified_time\" content=\"2024-11-26T10:13:19+00:00\" \/>\n<meta property=\"og:image\" content=\"https:\/\/spinbotics.com\/wp-content\/uploads\/2024\/05\/spinbotics-circle.svg\" \/>\n<meta name=\"twitter:card\" content=\"summary_large_image\" \/>\n<meta name=\"twitter:label1\" content=\"Odhadovan\u00e1 doba \u010dten\u00ed\" \/>\n\t<meta name=\"twitter:data1\" content=\"2 minuty\" \/>\n<script type=\"application\/ld+json\" class=\"yoast-schema-graph\">{\"@context\":\"https:\/\/schema.org\",\"@graph\":[{\"@type\":\"WebPage\",\"@id\":\"https:\/\/www.spinbotics.com\/cs\/footer\/\",\"url\":\"https:\/\/www.spinbotics.com\/cs\/footer\/\",\"name\":\"Footer - Spinbotics\",\"isPartOf\":{\"@id\":\"https:\/\/www.spinbotics.com\/cs\/#website\"},\"primaryImageOfPage\":{\"@id\":\"https:\/\/www.spinbotics.com\/cs\/footer\/#primaryimage\"},\"image\":{\"@id\":\"https:\/\/www.spinbotics.com\/cs\/footer\/#primaryimage\"},\"thumbnailUrl\":\"https:\/\/spinbotics.com\/wp-content\/uploads\/2024\/05\/spinbotics-circle.svg\",\"datePublished\":\"2024-05-22T12:58:04+00:00\",\"dateModified\":\"2024-11-26T10:13:19+00:00\",\"breadcrumb\":{\"@id\":\"https:\/\/www.spinbotics.com\/cs\/footer\/#breadcrumb\"},\"inLanguage\":\"cs\",\"potentialAction\":[{\"@type\":\"ReadAction\",\"target\":[\"https:\/\/www.spinbotics.com\/cs\/footer\/\"]}]},{\"@type\":\"ImageObject\",\"inLanguage\":\"cs\",\"@id\":\"https:\/\/www.spinbotics.com\/cs\/footer\/#primaryimage\",\"url\":\"https:\/\/spinbotics.com\/wp-content\/uploads\/2024\/05\/spinbotics-circle.svg\",\"contentUrl\":\"https:\/\/spinbotics.com\/wp-content\/uploads\/2024\/05\/spinbotics-circle.svg\"},{\"@type\":\"BreadcrumbList\",\"@id\":\"https:\/\/www.spinbotics.com\/cs\/footer\/#breadcrumb\",\"itemListElement\":[{\"@type\":\"ListItem\",\"position\":1,\"name\":\"Domovsk\u00e1 str\u00e1nka\",\"item\":\"https:\/\/www.spinbotics.com\/cs\/homepage\/\"},{\"@type\":\"ListItem\",\"position\":2,\"name\":\"Footer\"}]},{\"@type\":\"WebSite\",\"@id\":\"https:\/\/www.spinbotics.com\/cs\/#website\",\"url\":\"https:\/\/www.spinbotics.com\/cs\/\",\"name\":\"Spinbotics\",\"description\":\"\",\"publisher\":{\"@id\":\"https:\/\/www.spinbotics.com\/cs\/#organization\"},\"alternateName\":\"Spinbotics | Automatiz\u00e1cia v\u00fdroby jednoducho a flexibilne\",\"potentialAction\":[{\"@type\":\"SearchAction\",\"target\":{\"@type\":\"EntryPoint\",\"urlTemplate\":\"https:\/\/www.spinbotics.com\/cs\/?s={search_term_string}\"},\"query-input\":\"required name=search_term_string\"}],\"inLanguage\":\"cs\"},{\"@type\":\"Organization\",\"@id\":\"https:\/\/www.spinbotics.com\/cs\/#organization\",\"name\":\"Spinbotics s.r.o.\",\"url\":\"https:\/\/www.spinbotics.com\/cs\/\",\"logo\":{\"@type\":\"ImageObject\",\"inLanguage\":\"cs\",\"@id\":\"https:\/\/www.spinbotics.com\/cs\/#\/schema\/logo\/image\/\",\"url\":\"https:\/\/www.spinbotics.com\/wp-content\/uploads\/2025\/08\/Dizajn-bez-nazvu-2-kopia.png\",\"contentUrl\":\"https:\/\/www.spinbotics.com\/wp-content\/uploads\/2025\/08\/Dizajn-bez-nazvu-2-kopia.png\",\"width\":1200,\"height\":1200,\"caption\":\"Spinbotics s.r.o.\"},\"image\":{\"@id\":\"https:\/\/www.spinbotics.com\/cs\/#\/schema\/logo\/image\/\"},\"sameAs\":[\"https:\/\/www.linkedin.com\/company\/spinbotics\/\"]}]}<\/script>\n<!-- \/ Yoast SEO plugin. -->","yoast_head_json":{"title":"Footer - Spinbotics","robots":{"index":"index","follow":"follow","max-snippet":"max-snippet:-1","max-image-preview":"max-image-preview:large","max-video-preview":"max-video-preview:-1"},"canonical":"https:\/\/www.spinbotics.com\/cs\/footer\/","og_locale":"cs_CZ","og_type":"article","og_title":"Footer - Spinbotics","og_url":"https:\/\/www.spinbotics.com\/cs\/footer\/","og_site_name":"Spinbotics","article_modified_time":"2024-11-26T10:13:19+00:00","og_image":[{"url":"https:\/\/spinbotics.com\/wp-content\/uploads\/2024\/05\/spinbotics-circle.svg"}],"twitter_card":"summary_large_image","twitter_misc":{"Odhadovan\u00e1 doba \u010dten\u00ed":"2 minuty"},"schema":{"@context":"https:\/\/schema.org","@graph":[{"@type":"WebPage","@id":"https:\/\/www.spinbotics.com\/cs\/footer\/","url":"https:\/\/www.spinbotics.com\/cs\/footer\/","name":"Footer - Spinbotics","isPartOf":{"@id":"https:\/\/www.spinbotics.com\/cs\/#website"},"primaryImageOfPage":{"@id":"https:\/\/www.spinbotics.com\/cs\/footer\/#primaryimage"},"image":{"@id":"https:\/\/www.spinbotics.com\/cs\/footer\/#primaryimage"},"thumbnailUrl":"https:\/\/spinbotics.com\/wp-content\/uploads\/2024\/05\/spinbotics-circle.svg","datePublished":"2024-05-22T12:58:04+00:00","dateModified":"2024-11-26T10:13:19+00:00","breadcrumb":{"@id":"https:\/\/www.spinbotics.com\/cs\/footer\/#breadcrumb"},"inLanguage":"cs","potentialAction":[{"@type":"ReadAction","target":["https:\/\/www.spinbotics.com\/cs\/footer\/"]}]},{"@type":"ImageObject","inLanguage":"cs","@id":"https:\/\/www.spinbotics.com\/cs\/footer\/#primaryimage","url":"https:\/\/spinbotics.com\/wp-content\/uploads\/2024\/05\/spinbotics-circle.svg","contentUrl":"https:\/\/spinbotics.com\/wp-content\/uploads\/2024\/05\/spinbotics-circle.svg"},{"@type":"BreadcrumbList","@id":"https:\/\/www.spinbotics.com\/cs\/footer\/#breadcrumb","itemListElement":[{"@type":"ListItem","position":1,"name":"Domovsk\u00e1 str\u00e1nka","item":"https:\/\/www.spinbotics.com\/cs\/homepage\/"},{"@type":"ListItem","position":2,"name":"Footer"}]},{"@type":"WebSite","@id":"https:\/\/www.spinbotics.com\/cs\/#website","url":"https:\/\/www.spinbotics.com\/cs\/","name":"Spinbotics","description":"","publisher":{"@id":"https:\/\/www.spinbotics.com\/cs\/#organization"},"alternateName":"Spinbotics | Automatiz\u00e1cia v\u00fdroby jednoducho a flexibilne","potentialAction":[{"@type":"SearchAction","target":{"@type":"EntryPoint","urlTemplate":"https:\/\/www.spinbotics.com\/cs\/?s={search_term_string}"},"query-input":"required name=search_term_string"}],"inLanguage":"cs"},{"@type":"Organization","@id":"https:\/\/www.spinbotics.com\/cs\/#organization","name":"Spinbotics s.r.o.","url":"https:\/\/www.spinbotics.com\/cs\/","logo":{"@type":"ImageObject","inLanguage":"cs","@id":"https:\/\/www.spinbotics.com\/cs\/#\/schema\/logo\/image\/","url":"https:\/\/www.spinbotics.com\/wp-content\/uploads\/2025\/08\/Dizajn-bez-nazvu-2-kopia.png","contentUrl":"https:\/\/www.spinbotics.com\/wp-content\/uploads\/2025\/08\/Dizajn-bez-nazvu-2-kopia.png","width":1200,"height":1200,"caption":"Spinbotics s.r.o."},"image":{"@id":"https:\/\/www.spinbotics.com\/cs\/#\/schema\/logo\/image\/"},"sameAs":["https:\/\/www.linkedin.com\/company\/spinbotics\/"]}]}},"_links":{"self":[{"href":"https:\/\/www.spinbotics.com\/cs\/wp-json\/wp\/v2\/pages\/22"}],"collection":[{"href":"https:\/\/www.spinbotics.com\/cs\/wp-json\/wp\/v2\/pages"}],"about":[{"href":"https:\/\/www.spinbotics.com\/cs\/wp-json\/wp\/v2\/types\/page"}],"author":[{"embeddable":true,"href":"https:\/\/www.spinbotics.com\/cs\/wp-json\/wp\/v2\/users\/1"}],"replies":[{"embeddable":true,"href":"https:\/\/www.spinbotics.com\/cs\/wp-json\/wp\/v2\/comments?post=22"}],"version-history":[{"count":2,"href":"https:\/\/www.spinbotics.com\/cs\/wp-json\/wp\/v2\/pages\/22\/revisions"}],"predecessor-version":[{"id":9899,"href":"https:\/\/www.spinbotics.com\/cs\/wp-json\/wp\/v2\/pages\/22\/revisions\/9899"}],"wp:attachment":[{"href":"https:\/\/www.spinbotics.com\/cs\/wp-json\/wp\/v2\/media?parent=22"}],"curies":[{"name":"wp","href":"https:\/\/api.w.org\/{rel}","templated":true}]}}